{"id":3,"date":"2026-01-18T01:29:01","date_gmt":"2026-01-18T01:29:01","guid":{"rendered":"https:\/\/lightgray-flamingo-670566.hostingersite.com\/?page_id=3"},"modified":"2026-02-02T15:59:58","modified_gmt":"2026-02-02T15:59:58","slug":"politica-privacidad","status":"publish","type":"page","link":"https:\/\/carolinareynoso.art\/?page_id=3","title":{"rendered":"Pol\u00edtica de privacidad"},"content":{"rendered":"<div data-colibri-id=\"3-c1\" class=\"style-1090 style-local-3-c1 position-relative\">\n  <!----><\/p>\n<div data-colibri-component=\"section\" data-colibri-id=\"3-c2\" id=\"initial-content\" class=\"h-section h-section-global-spacing d-flex align-items-lg-center align-items-md-center align-items-center style-1091 style-local-3-c2 position-relative\">\n    <!----><br \/>\n    <!----><\/p>\n<div class=\"h-section-grid-container h-section-boxed-container\">\n      <!----><\/p>\n<div data-colibri-id=\"3-c6\" class=\"h-row-container gutters-row-lg-2 gutters-row-md-2 gutters-row-0 gutters-row-v-lg-2 gutters-row-v-md-2 gutters-row-v-2 style-1095 style-local-3-c6 position-relative\">\n        <!----><\/p>\n<div class=\"h-row justify-content-lg-center justify-content-md-center justify-content-center align-items-lg-stretch align-items-md-stretch align-items-stretch gutters-col-lg-2 gutters-col-md-2 gutters-col-0 gutters-col-v-lg-2 gutters-col-v-md-2 gutters-col-v-2\">\n          <!----><\/p>\n<div class=\"h-column h-column-container d-flex h-col-lg-auto h-col-md-auto h-col-auto style-1096-outer style-local-3-c7-outer\">\n<div data-colibri-id=\"3-c7\" class=\"d-flex h-flex-basis h-column__inner h-px-lg-2 h-px-md-2 h-px-2 v-inner-lg-2 v-inner-md-2 v-inner-2 style-1096 style-local-3-c7 position-relative\">\n              <!----><br \/>\n              <!----><\/p>\n<div class=\"w-100 h-y-container h-column__content h-column__v-align flex-basis-100 align-self-lg-start align-self-md-start align-self-start\">\n                <!----><\/p>\n<div data-colibri-id=\"3-c8\" class=\"h-global-transition-all h-heading style-1097 style-local-3-c8 position-relative h-element\">\n                  <!----><\/p>\n<div class=\"h-heading__outer style-1097 style-local-3-c8\">\n                    <!----><br \/>\n                    <!----><\/p>\n<h3 class=\"\">Aviso de privacidad<\/h3>\n<\/p><\/div>\n<\/p><\/div>\n<\/p><\/div>\n<\/p><\/div>\n<\/p><\/div>\n<\/p><\/div>\n<\/p><\/div>\n<div data-colibri-id=\"3-c3\" class=\"h-row-container gutters-row-lg-2 gutters-row-md-2 gutters-row-0 gutters-row-v-lg-2 gutters-row-v-md-2 gutters-row-v-2 style-1092 style-local-3-c3 position-relative\">\n        <!----><\/p>\n<div class=\"h-row justify-content-lg-center justify-content-md-center justify-content-center align-items-lg-stretch align-items-md-stretch align-items-stretch gutters-col-lg-2 gutters-col-md-2 gutters-col-0 gutters-col-v-lg-2 gutters-col-v-md-2 gutters-col-v-2\">\n          <!----><\/p>\n<div class=\"h-column h-column-container d-flex h-col-lg-auto h-col-md-auto h-col-auto style-1093-outer style-local-3-c4-outer\">\n<div data-colibri-id=\"3-c4\" class=\"d-flex h-flex-basis h-column__inner h-px-lg-2 h-px-md-2 h-px-2 v-inner-lg-2 v-inner-md-2 v-inner-2 style-1093 style-local-3-c4 position-relative\">\n              <!----><br \/>\n              <!----><\/p>\n<div class=\"w-100 h-y-container h-column__content h-column__v-align flex-basis-100 align-self-lg-start align-self-md-start align-self-start\">\n                <!----><\/p>\n<div data-colibri-id=\"3-c5\" class=\"style-1094 style-local-3-c5 position-relative h-element\">\n                  <!----><\/p>\n<div>\n\n\n<h2 class=\"wp-block-heading\"><\/h2>\n\n\n\n<p>En cumplimiento con la&nbsp;<strong>Ley Federal de Protecci\u00f3n de Datos personales de los Particulares<\/strong>, CarolinaReynoso.art pone a su disposici\u00f3n el presente aviso de privacidad integral, y al respecto le informamos lo siguiente:<\/p>\n\n\n\n<p><strong>Responsable de la protecci\u00f3n de los datos personales<\/strong><\/p>\n\n\n\n<p><strong>Responsable:&nbsp;<\/strong>Carolina Reynoso del Castillo<\/p>\n\n\n\n<p><strong>Domicilio:<\/strong>&nbsp;72810<\/p>\n\n\n\n<p><strong>Correo electr\u00f3nico:<\/strong>&nbsp;carolinareynoso.art@gmail.com<\/p>\n\n\n\n<p><strong>Sitio Web:<\/strong>&nbsp;\n                      <a href=\"https:\/\/somoscaldera.com\/\">https:\/\/carolinareynoso.art<\/a>\n                    <\/p>\n\n\n\n<p><strong>Principios aplicados en el tratamiento de datos<\/strong><\/p>\n\n\n\n<ul class=\"wp-block-list\">\n<li><strong>Licitud, lealtad y transparencia:&nbsp;<\/strong>Siempre solicitaremos su consentimiento antes de recabar y tratar sus datos personales, inform\u00e1ndole con claridad y transparencia sobre los fines para los que ser\u00e1n utilizados.<\/li>\n\n\n\n<li><strong>Minimizaci\u00f3n de datos:<\/strong>&nbsp;\u00danicamente recabaremos los datos estrictamente necesarios para el cumplimiento de las finalidades se\u00f1aladas y conforme a la normatividad aplicable.<\/li>\n\n\n\n<li><strong>Limitaci\u00f3n del plazo de conservaci\u00f3n:<\/strong>&nbsp;Conservaremos los datos \u00fanicamente durante el tiempo necesario para el cumplimiento de las finalidades se\u00f1aladas y conforme a la normatividad aplicable.<\/li>\n\n\n\n<li><strong>Integridad y confidencialidad:<\/strong>&nbsp;Implementamos medida t\u00e9cnicas, f\u00edsicas y administrativas para proteger sus datos contra p\u00e9rdida, alteraci\u00f3n, uso indebido, acceso no autorizado o divulgaci\u00f3n.<\/li>\n<\/ul>\n\n\n\n<p><strong>Obtenci\u00f3n de datos personales<\/strong><\/p>\n\n\n\n<p>Para navegar en nuestro sitio web no es necesario que proporcione datos personales.<\/p>\n\n\n\n<p>No obstante, podremos solicitar y tratar los siguientes datos personales cuando:<\/p>\n\n\n\n<ul class=\"wp-block-list\">\n<li>Solicite informaci\u00f3n o cotizaciones de servicios<\/li>\n\n\n\n<li>Participe en encuestas<\/li>\n\n\n\n<li>Nos contacte v\u00eda correo electr\u00f3nico, tel\u00e9fono, redes sociales o formularios web<\/li>\n<\/ul>\n\n\n\n<p><strong>Datos que podemos recabar:<\/strong><\/p>\n\n\n\n<ul class=\"wp-block-list\">\n<li>Identificaci\u00f3n: nombre completo, correo electr\u00f3nico, tel\u00e9fono, domicilio<\/li>\n<\/ul>\n\n\n\n<p><strong>Finalidades del tratamiento<\/strong><\/p>\n\n\n\n<p>Sus datos personales podr\u00e1n ser utilizados para:<\/p>\n\n\n\n<ol class=\"wp-block-list\">\n<li>Proveer los servicios profesionales de arquitectura, dise\u00f1o y construcci\u00f3n solicitados.<\/li>\n\n\n\n<li>Elaborar cotizaciones, contratos.<\/li>\n\n\n\n<li>Atender dudas, consultas o solicitudes de informaci\u00f3n<\/li>\n\n\n\n<li>Cumplir con obligaciones legales y regulatorias aplicables.<\/li>\n\n\n\n<li>Enviar informaci\u00f3n relacionada con nuestros servicios, novedades y proyectos (previo consentimiento previo).<\/li>\n<\/ol>\n\n\n\n<p><strong>Derechos ARCO<\/strong><\/p>\n\n\n\n<p>Usted tiene derecho a:<\/p>\n\n\n\n<ul class=\"wp-block-list\">\n<li><strong>Acceder&nbsp;<\/strong>a sus datos personales en nuestra posesi\u00f3n.<\/li>\n\n\n\n<li><strong>Rectificarlos&nbsp;<\/strong>en caso de ser inexactos o incompletos.<\/li>\n\n\n\n<li><strong>Cancelarlos&nbsp;<\/strong>cuando considere que no est\u00e1n siendo tratados conforme a los principios de la Ley.<\/li>\n\n\n\n<li><strong>Oponerse&nbsp;<\/strong>al uso de sus datos para fines espec\u00edficos.<\/li>\n<\/ul>\n\n\n\n<p>Para ejerce estos derechos, deber\u00e1 enviar una solicitud al correo \u2026<\/p>\n\n\n\n<p>Nuestro responsable de privacidad le informar\u00e1 el procedimiento, requisitos y plazos de respuesta conforme a la Ley.<\/p>\n\n\n\n<p><strong>Seguridad de los datos personales<\/strong><\/p>\n\n\n\n<p>En carolinareynoso.art utilizamos medidas de seguridad para proteger sus datos personales, evitando el acceso no autorizado, p\u00e9rdida, alteraci\u00f3n o divulgaci\u00f3n indebida.<\/p>\n\n\n\n<p>En caso de colaborar con terceros (proveedores o especialistas), se informar\u00e1 al usuario y se solicitar\u00e1 consentimiento, asegurando que dichos terceros cumplan con est\u00e1ndares adecuados de seguridad y confidencialidad.<\/p>\n\n\n\n<p><strong>Conservaci\u00f3n de datos personales<\/strong><\/p>\n\n\n\n<p>Los datos personales se conservar\u00e1n \u00fanicamente por el tiempo necesario para el cumplimiento de las finalidades aqu\u00ed previstas, o hasta que el titular solicite su supresi\u00f3n conforme a los derechos ARCO.<\/p>\n\n\n\n<p><strong>Navegaci\u00f3n web y uso de cookies<\/strong><\/p>\n\n\n\n<p>Nuestro sitio web puede utilizar cookies y tecnolog\u00edas similares para recabar datos no identificativos como direcci\u00f3n IP, h\u00e1bitos de navegaci\u00f3n y estad\u00edsticas de uso.<\/p>\n\n\n\n<p>Estos datos son an\u00f3nimos y se emplean exclusivamente con fines estad\u00edsticos y de mejora del servicio. El usuario puede desactivar el uso de cookies desde la configuraci\u00f3n de su navegador.<\/p>\n\n\n\n<p><strong>Transferencia de datos<\/strong><\/p>\n\n\n\n<p>carolinareynoso.art no compartir\u00e1 sus datos personales con terceros sin su consentimiento, salvo en los casos legalmente previstos.<\/p>\n\n\n\n<p><strong>Modificaciones al presente Aviso<\/strong><\/p>\n\n\n\n<p>carolinareynoso.art se reserva el derecho de modificar o actualizar este Aviso en cualquier momento, ya sea por cambios legislativos, pol\u00edticas internas o nuevos requerimientos para la presentaci\u00f3n de nuestros servicios. Dichas modificaciones\n                      estar\u00e1n disponibles en nuestro sitio web o mediante los medios de contacto que tengamos registrados.<\/p>\n\n\n\n<p><strong>Aceptaci\u00f3n<\/strong><\/p>\n\n\n\n<p>Al utilizar nuestros servicios o proporcionarnos sus datos personales, usted acepta que ha le\u00eddo, entendido y consiente el tratamiento de los mismo conforme a lo establecido en el presente Aviso de Privacidad.<\/p>\n\n\n\n<p>Si no aceptas la transferencia de tus datos, env\u00edanos un correo a: carolinareynoso.art@gmail.com<\/p>\n\n\n<\/div><\/div>\n<\/p><\/div>\n<\/p><\/div>\n<\/p><\/div>\n<\/p><\/div>\n<\/p><\/div>\n<\/p><\/div>\n<\/p><\/div>\n<\/div>","protected":false},"excerpt":{"rendered":"<p>Aviso de privacidad En cumplimiento con la&nbsp;Ley Federal de Protecci\u00f3n de Datos personales [&hellip;]<\/p>\n","protected":false},"author":1,"featured_media":0,"parent":0,"menu_order":0,"comment_status":"closed","ping_status":"open","template":"page-templates\/full-width-page.php","meta":{"footnotes":""},"class_list":["post-3","page","type-page","status-publish","hentry"],"yoast_head":"<!-- This site is optimized with the Yoast SEO plugin v26.8 - https:\/\/yoast.com\/product\/yoast-seo-wordpress\/ -->\n<title>Pol\u00edtica de privacidad - Carolina Reynoso<\/title>\n<meta name=\"robots\" content=\"index, follow, max-snippet:-1, max-image-preview:large, max-video-preview:-1\" \/>\n<link rel=\"canonical\" href=\"https:\/\/carolinareynoso.art\/?page_id=3\" \/>\n<meta property=\"og:locale\" content=\"es_MX\" \/>\n<meta property=\"og:type\" content=\"article\" \/>\n<meta property=\"og:title\" content=\"Pol\u00edtica de privacidad - Carolina Reynoso\" \/>\n<meta property=\"og:description\" content=\"Aviso de privacidad En cumplimiento con la&nbsp;Ley Federal de Protecci\u00f3n de Datos personales [&hellip;]\" \/>\n<meta property=\"og:url\" content=\"https:\/\/carolinareynoso.art\/?page_id=3\" \/>\n<meta property=\"og:site_name\" content=\"Carolina Reynoso\" \/>\n<meta property=\"article:modified_time\" content=\"2026-02-02T15:59:58+00:00\" \/>\n<meta name=\"twitter:card\" content=\"summary_large_image\" \/>\n<meta name=\"twitter:label1\" content=\"Tiempo de lectura\" \/>\n\t<meta name=\"twitter:data1\" content=\"3 minutos\" \/>\n<script type=\"application\/ld+json\" class=\"yoast-schema-graph\">{\"@context\":\"https:\/\/schema.org\",\"@graph\":[{\"@type\":\"WebPage\",\"@id\":\"https:\/\/carolinareynoso.art\/?page_id=3\",\"url\":\"https:\/\/carolinareynoso.art\/?page_id=3\",\"name\":\"Pol\u00edtica de privacidad - Carolina Reynoso\",\"isPartOf\":{\"@id\":\"https:\/\/carolinareynoso.art\/#website\"},\"datePublished\":\"2026-01-18T01:29:01+00:00\",\"dateModified\":\"2026-02-02T15:59:58+00:00\",\"breadcrumb\":{\"@id\":\"https:\/\/carolinareynoso.art\/?page_id=3#breadcrumb\"},\"inLanguage\":\"es\",\"potentialAction\":[{\"@type\":\"ReadAction\",\"target\":[\"https:\/\/carolinareynoso.art\/?page_id=3\"]}]},{\"@type\":\"BreadcrumbList\",\"@id\":\"https:\/\/carolinareynoso.art\/?page_id=3#breadcrumb\",\"itemListElement\":[{\"@type\":\"ListItem\",\"position\":1,\"name\":\"Inicio\",\"item\":\"https:\/\/carolinareynoso.art\/\"},{\"@type\":\"ListItem\",\"position\":2,\"name\":\"Pol\u00edtica de privacidad\"}]},{\"@type\":\"WebSite\",\"@id\":\"https:\/\/carolinareynoso.art\/#website\",\"url\":\"https:\/\/carolinareynoso.art\/\",\"name\":\"Carolina Reynoso\",\"description\":\"\",\"publisher\":{\"@id\":\"https:\/\/carolinareynoso.art\/#organization\"},\"potentialAction\":[{\"@type\":\"SearchAction\",\"target\":{\"@type\":\"EntryPoint\",\"urlTemplate\":\"https:\/\/carolinareynoso.art\/?s={search_term_string}\"},\"query-input\":{\"@type\":\"PropertyValueSpecification\",\"valueRequired\":true,\"valueName\":\"search_term_string\"}}],\"inLanguage\":\"es\"},{\"@type\":\"Organization\",\"@id\":\"https:\/\/carolinareynoso.art\/#organization\",\"name\":\"Carolina Reynoso\",\"url\":\"https:\/\/carolinareynoso.art\/\",\"logo\":{\"@type\":\"ImageObject\",\"inLanguage\":\"es\",\"@id\":\"https:\/\/carolinareynoso.art\/#\/schema\/logo\/image\/\",\"url\":\"https:\/\/carolinareynoso.art\/wp-content\/uploads\/2026\/01\/cropped-Logotipo-Carolina-Reynoso-Azul-y-Rosa.webp\",\"contentUrl\":\"https:\/\/carolinareynoso.art\/wp-content\/uploads\/2026\/01\/cropped-Logotipo-Carolina-Reynoso-Azul-y-Rosa.webp\",\"width\":424,\"height\":424,\"caption\":\"Carolina Reynoso\"},\"image\":{\"@id\":\"https:\/\/carolinareynoso.art\/#\/schema\/logo\/image\/\"}}]}<\/script>\n<!-- \/ Yoast SEO plugin. -->","yoast_head_json":{"title":"Pol\u00edtica de privacidad - Carolina Reynoso","robots":{"index":"index","follow":"follow","max-snippet":"max-snippet:-1","max-image-preview":"max-image-preview:large","max-video-preview":"max-video-preview:-1"},"canonical":"https:\/\/carolinareynoso.art\/?page_id=3","og_locale":"es_MX","og_type":"article","og_title":"Pol\u00edtica de privacidad - Carolina Reynoso","og_description":"Aviso de privacidad En cumplimiento con la&nbsp;Ley Federal de Protecci\u00f3n de Datos personales [&hellip;]","og_url":"https:\/\/carolinareynoso.art\/?page_id=3","og_site_name":"Carolina Reynoso","article_modified_time":"2026-02-02T15:59:58+00:00","twitter_card":"summary_large_image","twitter_misc":{"Tiempo de lectura":"3 minutos"},"schema":{"@context":"https:\/\/schema.org","@graph":[{"@type":"WebPage","@id":"https:\/\/carolinareynoso.art\/?page_id=3","url":"https:\/\/carolinareynoso.art\/?page_id=3","name":"Pol\u00edtica de privacidad - Carolina Reynoso","isPartOf":{"@id":"https:\/\/carolinareynoso.art\/#website"},"datePublished":"2026-01-18T01:29:01+00:00","dateModified":"2026-02-02T15:59:58+00:00","breadcrumb":{"@id":"https:\/\/carolinareynoso.art\/?page_id=3#breadcrumb"},"inLanguage":"es","potentialAction":[{"@type":"ReadAction","target":["https:\/\/carolinareynoso.art\/?page_id=3"]}]},{"@type":"BreadcrumbList","@id":"https:\/\/carolinareynoso.art\/?page_id=3#breadcrumb","itemListElement":[{"@type":"ListItem","position":1,"name":"Inicio","item":"https:\/\/carolinareynoso.art\/"},{"@type":"ListItem","position":2,"name":"Pol\u00edtica de privacidad"}]},{"@type":"WebSite","@id":"https:\/\/carolinareynoso.art\/#website","url":"https:\/\/carolinareynoso.art\/","name":"Carolina Reynoso","description":"","publisher":{"@id":"https:\/\/carolinareynoso.art\/#organization"},"potentialAction":[{"@type":"SearchAction","target":{"@type":"EntryPoint","urlTemplate":"https:\/\/carolinareynoso.art\/?s={search_term_string}"},"query-input":{"@type":"PropertyValueSpecification","valueRequired":true,"valueName":"search_term_string"}}],"inLanguage":"es"},{"@type":"Organization","@id":"https:\/\/carolinareynoso.art\/#organization","name":"Carolina Reynoso","url":"https:\/\/carolinareynoso.art\/","logo":{"@type":"ImageObject","inLanguage":"es","@id":"https:\/\/carolinareynoso.art\/#\/schema\/logo\/image\/","url":"https:\/\/carolinareynoso.art\/wp-content\/uploads\/2026\/01\/cropped-Logotipo-Carolina-Reynoso-Azul-y-Rosa.webp","contentUrl":"https:\/\/carolinareynoso.art\/wp-content\/uploads\/2026\/01\/cropped-Logotipo-Carolina-Reynoso-Azul-y-Rosa.webp","width":424,"height":424,"caption":"Carolina Reynoso"},"image":{"@id":"https:\/\/carolinareynoso.art\/#\/schema\/logo\/image\/"}}]}},"_links":{"self":[{"href":"https:\/\/carolinareynoso.art\/index.php?rest_route=\/wp\/v2\/pages\/3","targetHints":{"allow":["GET"]}}],"collection":[{"href":"https:\/\/carolinareynoso.art\/index.php?rest_route=\/wp\/v2\/pages"}],"about":[{"href":"https:\/\/carolinareynoso.art\/index.php?rest_route=\/wp\/v2\/types\/page"}],"author":[{"embeddable":true,"href":"https:\/\/carolinareynoso.art\/index.php?rest_route=\/wp\/v2\/users\/1"}],"replies":[{"embeddable":true,"href":"https:\/\/carolinareynoso.art\/index.php?rest_route=%2Fwp%2Fv2%2Fcomments&post=3"}],"version-history":[{"count":6,"href":"https:\/\/carolinareynoso.art\/index.php?rest_route=\/wp\/v2\/pages\/3\/revisions"}],"predecessor-version":[{"id":2508,"href":"https:\/\/carolinareynoso.art\/index.php?rest_route=\/wp\/v2\/pages\/3\/revisions\/2508"}],"wp:attachment":[{"href":"https:\/\/carolinareynoso.art\/index.php?rest_route=%2Fwp%2Fv2%2Fmedia&parent=3"}],"curies":[{"name":"wp","href":"https:\/\/api.w.org\/{rel}","templated":true}]}}